{"id":913,"date":"2022-08-26T08:22:45","date_gmt":"2022-08-26T07:22:45","guid":{"rendered":"http:\/\/baptistelebihan.org\/?page_id=913"},"modified":"2022-12-15T09:01:17","modified_gmt":"2022-12-15T08:01:17","slug":"enseignements","status":"publish","type":"page","link":"http:\/\/baptistelebihan.org\/?page_id=913","title":{"rendered":"Enseignements"},"content":{"rendered":"\n<p><b>INTRODUCTION A LA PHILOSOPHIE DES SCIENCES (Gen\u00e8ve, 2022, BA2b)<\/b><br><br><\/p>\n\n\n\n<p><strong>Descriptif du cours<\/strong><br>Ce cours propose une introduction \u00e0 la philosophie des sciences en pr\u00e9sentant les positions classiques ainsi que certains de ses probl\u00e8mes principaux.<\/p>\n\n\n\n<p><\/p>\n\n\n\n<p>Bien qu&rsquo;abordant des positions et auteurs classiques en philosophie des sciences, telles que l&#8217;empirisme logique, Popper, et Kuhn, nous nous concentrerons sur les probl\u00e8mes syst\u00e9matiques centraux de la philosophie des sciences : le probl\u00e8me de l&rsquo;induction et de la sous-d\u00e9termination des th\u00e9ories par les donn\u00e9es empiriques, la preuve empirique, l&rsquo;explication scientifique et le r\u00f4le des lois de la nature, la r\u00e9duction des th\u00e9ories ainsi que le r\u00e9alisme scientifique.<\/p>\n\n\n\n<p><a href=\"https:\/\/www.wuthrich.net\/teaching\/_BA2b_PhilSci_2021.html\">Ce cours est bas\u00e9 sur celui du Professeur Christian W\u00fcthrich, que je remplace lors du semestre d&rsquo;automne 2022.<\/a><\/p>\n\n\n\n<p><strong>Organisation du module BA2b<\/strong><br>L&rsquo;enseignement BA2b se compose de la partie cours donn\u00e9e par Baptiste Le Bihan, et de la partie TP dirig\u00e9e par Lorenzo Cocco. Une pr\u00e9sentation de la partie TP ainsi que des modalit\u00e9s d&rsquo;\u00e9valuation pour l&rsquo;enseignement BA2b (incluant TP et cours) est disponible ici dans ce document produit par Lorenzo Cocco : <a href=\"http:\/\/baptistelebihan.org\/wp-content\/uploads\/2022\/09\/Presentation_et_plan_du_TP__Philo_des_sciences_.pdf\">BA2b, TP et \u00e9valuation<\/a>.<\/p>\n\n\n\n<p><a href=\"http:\/\/baptistelebihan.org\/wp-content\/uploads\/2022\/11\/Instructions_examen.pdf\">Le guide de pr\u00e9paration \u00e0 l&rsquo;examen peut \u00eatre t\u00e9l\u00e9charg\u00e9 ici<\/a>.<br><\/p>\n\n\n\n\n\n<p><strong>Bibliographie<\/strong><br>Les livres suivants sont recommand\u00e9s :<\/p>\n\n\n\n<ul><li>Barberousse, A., Kistler, M. et Ludwig, P. :&nbsp;<em>La philosophie des sciences au XXe si\u00e8cle<\/em>. Flammarion 2000.<\/li><li>Barberousse, A., Bonnay, D. et Cozic, M. :&nbsp;<em>Pr\u00e9cis de philosophie des sciences<\/em>. Vuibert 2011.<\/li><li>Esfeld, M. :&nbsp;<em>Philosophie des sciences : Une introduction<\/em>. Presses polytechniques et universitaires romandes 2006.<\/li><li>Beaucoup des textes sont disponibles sur&nbsp;<a href=\"https:\/\/moodle.unige.ch\/course\/view.php?id=13527\" target=\"_blank\" rel=\"noreferrer noopener\">Moodle<\/a>.<\/li><\/ul>\n\n\n\n<p>Les diapositives (en format PDF) sont disponibles dans le plan du cours ci-dessous. Elles seront mises en ligne au fur et \u00e0 mesure des semaines.<\/p>\n\n\n\n<p>La vid\u00e9o de 6 minutes, ci-dessous, offre une introduction au probl\u00e8me de l&rsquo;induction (en anglais) :<\/p>\n\n\n\n<ul><li><a href=\"https:\/\/aeon.co\/videos\/can-the-problem-of-induction-save-anthony-s-dismal-dating-life\" target=\"_blank\" rel=\"noreferrer noopener\">I hope this helps with Sam Dresser: The problem of induction<\/a><\/li><\/ul>\n\n\n\n<p><\/p>\n\n\n\n<p><\/p>\n\n\n\n<p><strong>Plan du cours et TP<\/strong><br><\/p>\n\n\n\n<figure class=\"wp-block-table is-style-stripes\"><table><tbody><tr><th><strong>DaTe<\/strong><\/th><th><strong>Th\u00e8me<\/strong><\/th><th><strong>Lecture<\/strong><\/th><\/tr><tr><td>22.09.<\/td><td>CR : <a href=\"http:\/\/baptistelebihan.org\/wp-content\/uploads\/2022\/09\/BA2b_Cours00_Org2022Website.pdf\">Organisation<\/a><br>CR :<a href=\"https:\/\/www.wuthrich.net\/teaching\/_BA2b_PhilSci\/BA2b_Cours01_Intro.pdf\"> <\/a><a href=\"http:\/\/baptistelebihan.org\/wp-content\/uploads\/2022\/09\/BA2b_Cours01_Intro.pdf\">Introduction<\/a><\/td><\/tr><tr><td>27.09.<\/td><td>TP<\/td><td><\/td><\/tr><tr><td>29.09.<\/td><td>CR :<a href=\"https:\/\/www.wuthrich.net\/teaching\/_BA2b_PhilSci\/BA2b_Cours02_Arguments.pdf\"> <\/a><a href=\"http:\/\/baptistelebihan.org\/wp-content\/uploads\/2022\/10\/BA2b_Cours02_Arguments.pdf\">Arguments, d\u00e9duction, induction<\/a><\/td><td>BKL Ch. 2, pp. 32-42; *BKL pp. 269-297 (extraits du glossaire)<\/td><\/tr><tr><td>04.10.<\/td><td>TP<\/td><td><\/td><\/tr><tr><td>06.10.<\/td><td>CR : <a href=\"http:\/\/baptistelebihan.org\/wp-content\/uploads\/2022\/10\/BA2b_Cours03_EmpLog.pdf\">L&#8217;empirisme logique<\/a><\/td><td>Esfeld \u00a7\u00a72.1-2.3<\/td><\/tr><tr><td>11.10.<\/td><td>TP<\/td><td><\/td><\/tr><tr><td>13.10.<\/td><td>CR : <a href=\"http:\/\/baptistelebihan.org\/wp-content\/uploads\/2022\/10\/BA2b_Cours04_Popper.pdf\">Popper et le r\u00e9futationnisme<\/a><\/td><td>Esfeld \u00a7\u00a72.4-2.5<\/td><\/tr><tr><td>18.10.<\/td><td>TP<\/td><td><\/td><\/tr><tr><td>20.10.<\/td><td>CR :  Continuation de Popper, <br><a href=\"http:\/\/baptistelebihan.org\/wp-content\/uploads\/2022\/10\/BA2b_Cours05_Kuhn.pdf\">Kuhn et les r\u00e9volutions scientifiques<\/a><\/td><td>Esfeld Ch. 5<\/td><\/tr><tr><td>25.10.<\/td><td>TP<\/td><td><\/td><\/tr><tr><td>27.10.<\/td><td>CR : Continuation de Kuhn (Cocco)<\/td><\/tr><tr><td>01.11.<\/td><td>TP <\/td><td><\/td><\/tr><tr><td>03.11.<\/td><td>CR :<a href=\"http:\/\/baptistelebihan.org\/wp-content\/uploads\/2022\/11\/BA2b_Cours06_Sousdet.pdf\"> Holisme et sous-d\u00e9termination<\/a><a href=\"http:\/\/BA2b_Cours06_Sousde\" title=\"\"> <\/a>(Esfeld \u00a7\u00a73.1-3.3)<\/td><\/tr><tr><td>08.11.<\/td><td>TP : Semaine de lecture<\/td><td><\/td><\/tr><tr><td>10.11.<\/td><td>CR :<a href=\"https:\/\/www.wuthrich.net\/teaching\/_BA2b_PhilSci\/BA2b_Cours06_Sousdet.pdf\"> <\/a>Semaine de lecture<\/td><td><\/td><\/tr><tr><td>15.11.<\/td><td>TP<\/td><td><\/td><\/tr><tr><td>17.11.<\/td><td>CR :<a href=\"https:\/\/www.wuthrich.net\/teaching\/_BA2b_PhilSci\/BA2b_Cours07_Induction.pdf\"> <\/a><a href=\"http:\/\/baptistelebihan.org\/wp-content\/uploads\/2022\/11\/BA2b_Cours07_Induction.pdf\">Induction et confirmation<\/a><\/td><td>BKL Ch. 2, pp. 42-54<\/td><\/tr><tr><td>22.11.<\/td><td>TP<\/td><td><\/td><\/tr><tr><td>24.11.<\/td><td>CR : <a href=\"http:\/\/baptistelebihan.org\/wp-content\/uploads\/2022\/11\/BA2b_Cours08_EpistBayes.pdf\">L&rsquo;\u00e9pist\u00e9mologie bay\u00e9sienne<\/a><\/td><td>BBC Ch. 2, pp. 77-81<\/td><\/tr><tr><td>29.11.<\/td><td>TP<\/td><td><\/td><\/tr><tr><td>01.12.<\/td><td>CR : <a href=\"http:\/\/baptistelebihan.org\/wp-content\/uploads\/2022\/12\/BA2b_Cours09_Explication.pdf\">Explication scientifique<\/a><\/td><td>BKL Ch. 5, pp. 100-110<\/td><\/tr><tr><td>06.12.<\/td><td>TP<\/td><td><\/td><\/tr><tr><td>08.12.<\/td><td>CR : <a href=\"http:\/\/baptistelebihan.org\/wp-content\/uploads\/2022\/12\/BA2b_Cours10_Lois.pdf\">Lois de la nature<\/a> (Cocco)<\/td><td>BKL Ch. 4, *Esfeld Ch. 22<\/td><\/tr><tr><td>13.12<\/td><td>TP <\/td><td><\/td><\/tr><tr><td>15.12<\/td><td>CR: <a href=\"http:\/\/baptistelebihan.org\/wp-content\/uploads\/2022\/12\/BA2b_Cours11_Realisme.pdf\">Le r\u00e9alisme scientifique<\/a><\/td><td>Esfeld Ch. 1<\/td><\/tr><tr><td>20.12<\/td><td>TP<\/td><td><\/td><\/tr><tr><td>22.12.<\/td><td>CR : Fin, pr\u00e9paration pour l&rsquo;examen<\/td><\/tr><\/tbody><\/table><\/figure>\n\n\n\n\n\n\n\n\n\n\n\n<p><strong>Remarques:<\/strong><\/p>\n\n\n\n<ul><li>Les ast\u00e9risques (*) signalent des lectures facultatives.<\/li><li>BBC : Barberousse, A., Bonnay, D. et Cozic, M. :&nbsp;<em>Pr\u00e9cis de philosophie des sciences<\/em>. Vuibert 2011.<\/li><li>BKL : Barberousse, A., Kistler, M. et Ludwig, P. :&nbsp;<em>La philosophie des sciences au XXe si\u00e8cle<\/em>. Flammarion 2000.<\/li><\/ul>\n\n\n\n<ul><li>Coordonn\u00e9es<ul><li>CR 2h A Je 10-12, U 159<br>TP 2h A Ma 14-16, Pont Rouge &#8211; Forum 211<\/li><\/ul><\/li><li>Heures de consultation<ul><li>Le Bihan : <a rel=\"noreferrer noopener\" href=\"http:\/\/www.openstreetmap.org\/node\/1372126152\" target=\"_blank\">Bureau L410<\/a>, sur rendez-vous<br>Cocco :&nbsp;<a rel=\"noreferrer noopener\" href=\"http:\/\/www.openstreetmap.org\/node\/1372126152\" target=\"_blank\">Bureau L411<\/a>, sur rendez-vous<\/li><\/ul><\/li><li>Adresses e-mail (&lsquo;at&rsquo; unige.ch)<ul><li>Baptiste Le Bihan : baptiste.lebihan<br>Lorenzo Cocco : lorenzo.cocco<\/li><\/ul><\/li><li>Lien au programme des cours<ul><li><a rel=\"noreferrer noopener\" href=\"https:\/\/pgc.unige.ch\/main\/teachings\/details\/2022-32I0105\" target=\"_blank\">Lien pour ce cours dans le programme officiel<\/a><br><a rel=\"noreferrer noopener\" href=\"https:\/\/pgc.unige.ch\/main\/teachings\/details\/2022-32I0108\" target=\"_blank\">Lien pour le TP dans le programme officiel<\/a><\/li><\/ul><\/li><\/ul>\n\n\n\n<p><br><br><\/p>\n","protected":false},"excerpt":{"rendered":"<p>INTRODUCTION A LA PHILOSOPHIE DES SCIENCES (Gen\u00e8ve, 2022, BA2b) Descriptif du coursCe cours propose une introduction \u00e0 la philosophie des sciences en pr\u00e9sentant les positions classiques ainsi que certains de ses probl\u00e8mes principaux. Bien qu&rsquo;abordant des positions et auteurs classiques en philosophie des sciences, telles que l&#8217;empirisme logique, Popper, et Kuhn, nous nous concentrerons sur &hellip; <a href=\"http:\/\/baptistelebihan.org\/?page_id=913\" class=\"more-link\">Continuer la lecture de <span class=\"screen-reader-text\">Enseignements<\/span> <span class=\"meta-nav\">&rarr;<\/span><\/a><\/p>\n","protected":false},"author":1,"featured_media":0,"parent":0,"menu_order":1,"comment_status":"closed","ping_status":"closed","template":"","meta":{"_exactmetrics_skip_tracking":false,"_exactmetrics_sitenote_active":false,"_exactmetrics_sitenote_note":"","_exactmetrics_sitenote_category":0},"aioseo_notices":[],"_links":{"self":[{"href":"http:\/\/baptistelebihan.org\/index.php?rest_route=\/wp\/v2\/pages\/913"}],"collection":[{"href":"http:\/\/baptistelebihan.org\/index.php?rest_route=\/wp\/v2\/pages"}],"about":[{"href":"http:\/\/baptistelebihan.org\/index.php?rest_route=\/wp\/v2\/types\/page"}],"author":[{"embeddable":true,"href":"http:\/\/baptistelebihan.org\/index.php?rest_route=\/wp\/v2\/users\/1"}],"replies":[{"embeddable":true,"href":"http:\/\/baptistelebihan.org\/index.php?rest_route=%2Fwp%2Fv2%2Fcomments&post=913"}],"version-history":[{"count":42,"href":"http:\/\/baptistelebihan.org\/index.php?rest_route=\/wp\/v2\/pages\/913\/revisions"}],"predecessor-version":[{"id":1021,"href":"http:\/\/baptistelebihan.org\/index.php?rest_route=\/wp\/v2\/pages\/913\/revisions\/1021"}],"wp:attachment":[{"href":"http:\/\/baptistelebihan.org\/index.php?rest_route=%2Fwp%2Fv2%2Fmedia&parent=913"}],"curies":[{"name":"wp","href":"https:\/\/api.w.org\/{rel}","templated":true}]}}