{"id":534,"date":"2018-11-05T21:07:26","date_gmt":"2018-11-05T20:07:26","guid":{"rendered":"http:\/\/baptistelebihan.org\/?page_id=534"},"modified":"2020-06-01T07:04:08","modified_gmt":"2020-06-01T06:04:08","slug":"encyclopedia","status":"publish","type":"page","link":"http:\/\/baptistelebihan.org\/?page_id=534","title":{"rendered":"Encyclopedia"},"content":{"rendered":"<p><b>Encyclopedia Entries<\/b><\/p>\n<p style=\"text-align: left;\"><strong>2016. <em>Le temps<\/em>, entr\u00e9e acad\u00e9mique<i>, L&rsquo;Encyclop\u00e9die Philosophique<\/i>, <a href=\"http:\/\/encyclo-philo.fr\/temps-a\/\">http:\/\/encyclo-philo.fr\/temps-a\/<\/a> .<\/strong><\/p>\n<p style=\"text-align: justify;\"><a href=\"http:\/\/baptistelebihan.org\/wp-content\/uploads\/2014\/05\/Capture-de\u0301cran-2016-05-31-13.26.17.png\"><img loading=\"lazy\" class=\"wp-image-251 alignright\" src=\"http:\/\/baptistelebihan.org\/wp-content\/uploads\/2014\/05\/Capture-de\u0301cran-2016-05-31-13.26.17.png\" alt=\"\" width=\"96\" height=\"141\" \/><\/a><\/p>\n<p style=\"text-align: justify;\">RESUME: Le temps est une notion associ\u00e9e aux changements, qu\u2019ils soient futiles ou existentiels. Il permet ainsi l\u2019organisation moderne de nos soci\u00e9t\u00e9s \u00e0 travers les agendas, la planification du travail ou les rendez-vous galants. Il rythme les saisons et nous exp\u00e9rimentons chaque ann\u00e9e les couleurs chatoyantes de l\u2019automne et les nuages sombres de l\u2019hiver. Notre corps \u00e9volue constamment et vieillit sans cesse entre notre naissance pass\u00e9e et notre mort future. Toutes ces descriptions font intervenir le concept de temps, ou une notion plus sp\u00e9cifique g\u00e9n\u00e9ralement associ\u00e9e au temps comme le changement, le pass\u00e9, le pr\u00e9sent, le futur, la simultan\u00e9it\u00e9 ou la synchronisation. Mais quelle est la nature du temps\u00a0? Que peut-on comprendre de cette notion si fondamentale et si pr\u00e9sente dans notre vie quotidienne, et pourtant si difficilement d\u00e9finissable\u00a0? Cet article vise \u00e0 introduire les diff\u00e9rentes conceptions contemporaines du temps objectif, ind\u00e9pendamment des perceptions que nous en avons. Le temps existe-t-il (section 1.)\u00a0? Le temps s\u2019\u00e9coule-t-il (section 2.)\u00a0? Le pass\u00e9 et le futur existent-ils (section 3.)\u00a0? Le pr\u00e9sent poss\u00e8de-t-il une \u00e9tendue (section 4.)\u00a0? Le futur est-il d\u00e9j\u00e0 \u00e9crit maintenant (section 5.)\u00a0? Le temps est-il une substance qui contient les objets mat\u00e9riels, ou une collection de relations entre les objets mat\u00e9riels (section 6.)\u00a0? Quelle est la source de la direction apparente du temps (section 7.)\u00a0? Peut-on voyager dans le temps (section 8.)\u00a0? Ces questions seront pr\u00e9sent\u00e9es sous un angle contemporain.<\/p>\n<p style=\"text-align: left;\"><strong>2016. Le temps, entr\u00e9e grand public<i>, L&rsquo;Encyclop\u00e9die Philosophique<\/i>, <a href=\"http:\/\/encyclo-philo.fr\/temps\/\">http:\/\/encyclo-philo.fr\/temps\/<\/a> .<\/strong><\/p>\n<p style=\"text-align: justify;\"><a href=\"http:\/\/baptistelebihan.org\/wp-content\/uploads\/2014\/05\/Capture-de\u0301cran-2016-05-31-13.26.17.png\"><img loading=\"lazy\" class=\"wp-image-251 alignleft\" src=\"http:\/\/baptistelebihan.org\/wp-content\/uploads\/2014\/05\/Capture-de\u0301cran-2016-05-31-13.26.17.png\" alt=\"\" width=\"94\" height=\"135\" \/><\/a><\/p>\n<p style=\"text-align: justify;\">RESUME:\u00a0Lorsqu\u2019on affirme, en assistant \u00e0 un cours ennuyeux, que le temps semble s\u2019\u00eatre arr\u00eat\u00e9 ou, lors d\u2019une soir\u00e9e endiabl\u00e9e avec des amis, que l\u2019on n\u2019a pas vu le temps passer, qu\u2019affirme-t-on exactement\u00a0? On pose par l\u00e0 une connexion entre nos activit\u00e9s et notre <em>perception<\/em> du temps. Mais ce temps per\u00e7u d\u00e9signe en fait notre <em>exp\u00e9rience<\/em> du temps, une exp\u00e9rience qu\u2019il faut distinguer de l\u2019objet m\u00eame de cette exp\u00e9rience, le temps affich\u00e9 sur nos montres, nos smartphones et nos ordinateurs. Cependant, par-del\u00e0 ces diff\u00e9rences de perception, il semble que le temps soit quelque chose d\u2019objectif. En effet, le temps semble s\u2019\u00e9couler uniform\u00e9ment \u00e0 la surface de la Terre, rendant par exemple possible de synchroniser nos rendez-vous et de coordonner nos diff\u00e9rentes activit\u00e9s. Comment comprendre la nature de cette chose si fondamentale dans la vie de tous les jours et, pourtant, si difficile \u00e0 appr\u00e9hender\u00a0? Pour r\u00e9pondre \u00e0 cette question, nous allons examiner deux caract\u00e9ristiques de notre concept de temps (section 2.) et montrer qu\u2019en accentuant l\u2019une ou l\u2019autre d\u2019entre elles, on aboutit \u00e0 deux grandes conceptions oppos\u00e9es de la nature du temps, l\u2019une reconnaissant que le temps s\u2019\u00e9coule, l\u2019autre rejetant au contraire cette id\u00e9e (section 3.). Nous examinerons ensuite quelques questions dans le cadre de ces deux grandes conceptions\u00a0: comment les objets et les personnes traversent-ils le temps (section 4.)\u00a0? Quelles raisons avons-nous de privil\u00e9gier l\u2019une ou l\u2019autre des deux conceptions (section 5.)\u00a0? Finalement, peut-on voyager dans le temps (section 6.)\u00a0?<\/p>\n<p>&nbsp;<\/p>\n<p>&nbsp;<\/p>\n<p>&nbsp;<\/p>\n<p>&nbsp;<\/p>\n","protected":false},"excerpt":{"rendered":"<p>Encyclopedia Entries 2016. Le temps, entr\u00e9e acad\u00e9mique, L&rsquo;Encyclop\u00e9die Philosophique, http:\/\/encyclo-philo.fr\/temps-a\/ . RESUME: Le temps est une notion associ\u00e9e aux changements, qu\u2019ils soient futiles ou existentiels. Il permet ainsi l\u2019organisation moderne de nos soci\u00e9t\u00e9s \u00e0 travers les agendas, la planification du travail ou les rendez-vous galants. Il rythme les saisons et nous exp\u00e9rimentons chaque ann\u00e9e les &hellip; <a href=\"http:\/\/baptistelebihan.org\/?page_id=534\" class=\"more-link\">Continuer la lecture de <span class=\"screen-reader-text\">Encyclopedia<\/span> <span class=\"meta-nav\">&rarr;<\/span><\/a><\/p>\n","protected":false},"author":1,"featured_media":0,"parent":0,"menu_order":6,"comment_status":"closed","ping_status":"closed","template":"","meta":{"_exactmetrics_skip_tracking":false,"_exactmetrics_sitenote_active":false,"_exactmetrics_sitenote_note":"","_exactmetrics_sitenote_category":0},"aioseo_notices":[],"_links":{"self":[{"href":"http:\/\/baptistelebihan.org\/index.php?rest_route=\/wp\/v2\/pages\/534"}],"collection":[{"href":"http:\/\/baptistelebihan.org\/index.php?rest_route=\/wp\/v2\/pages"}],"about":[{"href":"http:\/\/baptistelebihan.org\/index.php?rest_route=\/wp\/v2\/types\/page"}],"author":[{"embeddable":true,"href":"http:\/\/baptistelebihan.org\/index.php?rest_route=\/wp\/v2\/users\/1"}],"replies":[{"embeddable":true,"href":"http:\/\/baptistelebihan.org\/index.php?rest_route=%2Fwp%2Fv2%2Fcomments&post=534"}],"version-history":[{"count":5,"href":"http:\/\/baptistelebihan.org\/index.php?rest_route=\/wp\/v2\/pages\/534\/revisions"}],"predecessor-version":[{"id":652,"href":"http:\/\/baptistelebihan.org\/index.php?rest_route=\/wp\/v2\/pages\/534\/revisions\/652"}],"wp:attachment":[{"href":"http:\/\/baptistelebihan.org\/index.php?rest_route=%2Fwp%2Fv2%2Fmedia&parent=534"}],"curies":[{"name":"wp","href":"https:\/\/api.w.org\/{rel}","templated":true}]}}